{"id":38085,"date":"2024-07-16T11:22:27","date_gmt":"2024-07-16T11:22:27","guid":{"rendered":"https:\/\/rcars.ch\/?page_id=38085"},"modified":"2025-03-20T08:59:53","modified_gmt":"2025-03-20T08:59:53","slug":"achat-vente","status":"publish","type":"page","link":"https:\/\/rcars.ch\/de\/achat-vente\/","title":{"rendered":"Kauf und Verkauf"},"content":{"rendered":"<div data-elementor-type=\"wp-page\" data-elementor-id=\"38085\" class=\"elementor elementor-38085\" data-elementor-post-type=\"page\">\n\t\t\t\t\t\t<section class=\"elementor-section elementor-top-section elementor-element elementor-element-579b570 scheme_dark elementor-section-boxed elementor-section-height-default elementor-section-height-default sc_fly_static\" data-id=\"579b570\" data-element_type=\"section\" data-settings=\"{&quot;background_background&quot;:&quot;classic&quot;}\">\n\t\t\t\t\t\t<div class=\"elementor-container elementor-column-gap-extended\">\n\t\t\t\t\t<div class=\"elementor-column elementor-col-100 elementor-top-column elementor-element elementor-element-b527b4c sc_content_align_inherit sc_layouts_column_icons_position_left sc_fly_static\" data-id=\"b527b4c\" data-element_type=\"column\">\n\t\t\t<div class=\"elementor-widget-wrap elementor-element-populated\">\n\t\t\t\t\t\t<div class=\"elementor-element elementor-element-1cd09ff sc_height_huge sc_fly_static elementor-widget elementor-widget-spacer\" data-id=\"1cd09ff\" data-element_type=\"widget\" data-widget_type=\"spacer.default\">\n\t\t\t\t<div class=\"elementor-widget-container\">\n\t\t\t\t\t\t\t<div class=\"elementor-spacer\">\n\t\t\t<div class=\"elementor-spacer-inner\"><\/div>\n\t\t<\/div>\n\t\t\t\t\t\t<\/div>\n\t\t\t\t<\/div>\n\t\t\t\t<div class=\"elementor-element elementor-element-f4fc80b sc_layouts_hide_on_notebook sc_layouts_hide_on_tablet sc_layouts_hide_on_mobile sc_fly_static elementor-widget elementor-widget-spacer\" data-id=\"f4fc80b\" data-element_type=\"widget\" data-widget_type=\"spacer.default\">\n\t\t\t\t<div class=\"elementor-widget-container\">\n\t\t\t\t\t\t\t<div class=\"elementor-spacer\">\n\t\t\t<div class=\"elementor-spacer-inner\"><\/div>\n\t\t<\/div>\n\t\t\t\t\t\t<\/div>\n\t\t\t\t<\/div>\n\t\t\t\t<section class=\"elementor-section elementor-inner-section elementor-element elementor-element-f67c523 elementor-section-boxed elementor-section-height-default elementor-section-height-default sc_fly_static\" data-id=\"f67c523\" data-element_type=\"section\">\n\t\t\t\t\t\t<div class=\"elementor-container elementor-column-gap-no\">\n\t\t\t\t\t<div class=\"elementor-column elementor-col-100 elementor-inner-column elementor-element elementor-element-a2c6e14 sc_content_align_inherit sc_layouts_column_icons_position_left sc_fly_static\" data-id=\"a2c6e14\" data-element_type=\"column\">\n\t\t\t<div class=\"elementor-widget-wrap elementor-element-populated\">\n\t\t\t\t\t\t<div class=\"elementor-element elementor-element-0b2b8cb sc_fly_static elementor-widget elementor-widget-trx_sc_title\" data-id=\"0b2b8cb\" data-element_type=\"widget\" data-widget_type=\"trx_sc_title.default\">\n\t\t\t\t<div class=\"elementor-widget-container\">\n\t\t\t\t\t<div\t\tclass=\"sc_title sc_title_default\" ><h1 class=\"sc_item_title sc_title_title sc_align_center sc_item_title_style_default sc_item_title_tag\"\n\t\t\t><span class=\"sc_item_title_text\">Unsere Kauf- und Verkaufsl\u00f6sungen<\/span><\/h1><\/div>\t\t\t\t<\/div>\n\t\t\t\t<\/div>\n\t\t\t\t<div class=\"elementor-element elementor-element-1e792d6 sc_height_small sc_fly_static elementor-widget elementor-widget-spacer\" data-id=\"1e792d6\" data-element_type=\"widget\" data-widget_type=\"spacer.default\">\n\t\t\t\t<div class=\"elementor-widget-container\">\n\t\t\t\t\t\t\t<div class=\"elementor-spacer\">\n\t\t\t<div class=\"elementor-spacer-inner\"><\/div>\n\t\t<\/div>\n\t\t\t\t\t\t<\/div>\n\t\t\t\t<\/div>\n\t\t\t\t<div class=\"elementor-element elementor-element-4def90b sc_fly_static elementor-widget elementor-widget-trx_sc_icons\" data-id=\"4def90b\" data-element_type=\"widget\" data-widget_type=\"trx_sc_icons.default\">\n\t\t\t\t<div class=\"elementor-widget-container\">\n\t\t\t\t\t<div \tclass=\"sc_icons sc_icons_accent sc_icons_size_medium sc_align_center\" ><div class=\"sc_icons_columns_wrap sc_item_columns trx_addons_columns_wrap columns_padding_bottom columns_in_single_row\" ><div class=\"trx_addons_column-1_5 trx_addons_column-1_2-tablet\"><div class=\"sc_icons_item sc_icons_item_linked\"><div class=\"sc_icons_icon sc_icon_type_ icon-steering-wheel\" ><span class=\"sc_icon_type_ icon-steering-wheel\"><\/span><\/div><div class=\"sc_icons_item_details\"><h4 class=\"sc_icons_item_title\"><a href=\"https:\/\/www.autoscout24.ch\/fr\/s\/seller-2727935\">\n                                    Fahrzeugkauf &amp; -verkauf                                    <\/a><\/h4><div class=\"sc_icons_item_description\"><span>Wir kaufen und verkaufen alle Fahrzeugtypen. Entdecken Sie unsere Fahrzeuge auf Autoscout24.<\/span><span><\/span><\/div><a href=\"https:\/\/www.autoscout24.ch\/fr\/s\/seller-2727935\"\n                        class=\"sc_icons_item_link\">\n                        <\/a><\/div><\/div><\/div><div class=\"trx_addons_column-1_5 trx_addons_column-1_2-tablet\"><div class=\"sc_icons_item\"><div class=\"sc_icons_icon sc_icon_type_ icon-wallet-cash\" ><span class=\"sc_icon_type_ icon-wallet-cash\"><\/span><\/div><div class=\"sc_icons_item_details\"><h4 class=\"sc_icons_item_title\"><span>Finanzierung<\/span><\/h4><div class=\"sc_icons_item_description\"><span>Finanzieren Sie Ihr Fahrzeug ganz entspannt mit unseren Leasing- und Kreditl\u00f6sungen.<\/span><\/div><\/div><\/div><\/div><div class=\"trx_addons_column-1_5 trx_addons_column-1_2-tablet\"><div class=\"sc_icons_item\"><div class=\"sc_icons_icon sc_icon_type_ icon-contract\" ><span class=\"sc_icon_type_ icon-contract\"><\/span><\/div><div class=\"sc_icons_item_details\"><h4 class=\"sc_icons_item_title\"><span>Versicherung<\/span><\/h4><div class=\"sc_icons_item_description\"><span>Wir suchen das beste Angebot bei unseren Versicherungspartnern.<\/span><\/div><\/div><\/div><\/div><div class=\"trx_addons_column-1_5 trx_addons_column-1_2-tablet\"><div class=\"sc_icons_item\"><div class=\"sc_icons_icon sc_icon_type_ icon-conversation\" ><span class=\"sc_icon_type_ icon-conversation\"><\/span><\/div><div class=\"sc_icons_item_details\"><h4 class=\"sc_icons_item_title\"><span>Garantien<\/span><\/h4><div class=\"sc_icons_item_description\"><span>Wir bieten Garantie-L\u00f6sungen beim Kauf Ihres Fahrzeugs an.<\/span><\/div><\/div><\/div><\/div><div class=\"trx_addons_column-1_5 trx_addons_column-1_2-tablet\"><div class=\"sc_icons_item\"><div class=\"sc_icons_icon sc_icon_type_ icon-fast-repair\" ><span class=\"sc_icon_type_ icon-fast-repair\"><\/span><\/div><div class=\"sc_icons_item_details\"><h4 class=\"sc_icons_item_title\"><span>Kostenlose Dienstleistungen<\/span><\/h4><div class=\"sc_icons_item_description\"><span>Entdecken Sie unsere kostenlosen Serviceleistungen im Abonnement f\u00fcr 36 bis 60 Monate.<\/span><\/div><\/div><\/div><\/div><\/div><\/div><!-- \/.sc_icons -->\t\t\t\t<\/div>\n\t\t\t\t<\/div>\n\t\t\t\t<div class=\"elementor-element elementor-element-4c1606b sc_fly_static elementor-widget elementor-widget-text-editor\" data-id=\"4c1606b\" data-element_type=\"widget\" data-widget_type=\"text-editor.default\">\n\t\t\t\t<div class=\"elementor-widget-container\">\n\t\t\t\t\t\t\t\t\t<p>Entdecken Sie unsere Kauf- und Verkaufsl\u00f6sungen: eine Auswahl an Fahrzeugen auf Autoscout24 sowie weitere Modelle, die direkt verf\u00fcgbar sind. Wenn Sie ein bestimmtes Fahrzeug suchen, kontaktieren Sie uns direkt f\u00fcr ein individuelles Angebot. Wir bieten zudem ma\u00dfgeschneiderte Finanzierungen und passende Garantien f\u00fcr maximale Sorgenfreiheit.<\/p>\t\t\t\t\t\t\t\t<\/div>\n\t\t\t\t<\/div>\n\t\t\t\t\t<\/div>\n\t\t<\/div>\n\t\t\t\t\t<\/div>\n\t\t<\/section>\n\t\t\t\t<div class=\"elementor-element elementor-element-4272082 sc_height_huge sc_fly_static elementor-widget elementor-widget-spacer\" data-id=\"4272082\" data-element_type=\"widget\" data-widget_type=\"spacer.default\">\n\t\t\t\t<div class=\"elementor-widget-container\">\n\t\t\t\t\t\t\t<div class=\"elementor-spacer\">\n\t\t\t<div class=\"elementor-spacer-inner\"><\/div>\n\t\t<\/div>\n\t\t\t\t\t\t<\/div>\n\t\t\t\t<\/div>\n\t\t\t\t<div class=\"elementor-element elementor-element-42d4ea9 sc_layouts_hide_on_notebook sc_layouts_hide_on_tablet sc_layouts_hide_on_mobile sc_fly_static elementor-widget elementor-widget-spacer\" data-id=\"42d4ea9\" data-element_type=\"widget\" data-widget_type=\"spacer.default\">\n\t\t\t\t<div class=\"elementor-widget-container\">\n\t\t\t\t\t\t\t<div class=\"elementor-spacer\">\n\t\t\t<div class=\"elementor-spacer-inner\"><\/div>\n\t\t<\/div>\n\t\t\t\t\t\t<\/div>\n\t\t\t\t<\/div>\n\t\t\t\t\t<\/div>\n\t\t<\/div>\n\t\t\t\t\t<\/div>\n\t\t<\/section>\n\t\t\t\t<section class=\"elementor-section elementor-top-section elementor-element elementor-element-f274968 sc_layouts_hide_on_wide sc_layouts_hide_on_desktop sc_layouts_hide_on_notebook sc_layouts_hide_on_tablet sc_layouts_hide_on_mobile elementor-section-boxed elementor-section-height-default elementor-section-height-default sc_fly_static\" data-id=\"f274968\" data-element_type=\"section\">\n\t\t\t\t\t\t<div class=\"elementor-container elementor-column-gap-extended\">\n\t\t\t\t\t<div class=\"elementor-column elementor-col-100 elementor-top-column elementor-element elementor-element-72bd2bb sc_content_align_inherit sc_layouts_column_icons_position_left sc_fly_static\" data-id=\"72bd2bb\" data-element_type=\"column\">\n\t\t\t<div class=\"elementor-widget-wrap elementor-element-populated\">\n\t\t\t\t\t\t<div class=\"elementor-element elementor-element-650855d sc_fly_static elementor-widget elementor-widget-trx_sc_title\" data-id=\"650855d\" data-element_type=\"widget\" data-widget_type=\"trx_sc_title.default\">\n\t\t\t\t<div class=\"elementor-widget-container\">\n\t\t\t\t\t<div\t\tclass=\"sc_title sc_title_default\" ><span class=\"sc_item_subtitle sc_title_subtitle sc_align_center sc_item_subtitle_above sc_item_title_style_default\">Achat & Vente de v\u00e9hicules<\/span><h1 class=\"sc_item_title sc_title_title sc_align_center sc_item_title_style_default sc_item_title_tag\"\n\t\t\t><span class=\"sc_item_title_text\">Trouvez ou vendez votre voiture en toute simplicit\u00e9\n<\/span><\/h1><div class=\"sc_item_descr sc_title_descr sc_align_center\"><p>Que vous cherchiez \u00e0 acheter un nouveau v\u00e9hicule ou \u00e0 revendre le v\u00f4tre, nous vous offrons une solution rapide, transparente et s\u00e9curis\u00e9e. Profitez d\u2019une large s\u00e9lection de v\u00e9hicules expertis\u00e9s et b\u00e9n\u00e9ficiez d\u2019une \u00e9valuation juste et imm\u00e9diate pour la vente de votre voiture.<\/p>\n<p>Gr\u00e2ce \u00e0 notre partenariat avec AutoScout, explorez les meilleures offres directement via l\u2019outil ci-dessous.<\/p>\n<\/div><\/div>\t\t\t\t<\/div>\n\t\t\t\t<\/div>\n\t\t\t\t\t<\/div>\n\t\t<\/div>\n\t\t\t\t\t<\/div>\n\t\t<\/section>\n\t\t\t\t<section class=\"elementor-section elementor-top-section elementor-element elementor-element-18d04e6 sc_layouts_hide_on_wide sc_layouts_hide_on_desktop sc_layouts_hide_on_notebook sc_layouts_hide_on_tablet sc_layouts_hide_on_mobile elementor-section-boxed elementor-section-height-default elementor-section-height-default sc_fly_static\" data-id=\"18d04e6\" data-element_type=\"section\">\n\t\t\t\t\t\t<div class=\"elementor-container elementor-column-gap-extended\">\n\t\t\t\t\t<div class=\"elementor-column elementor-col-100 elementor-top-column elementor-element elementor-element-8006fb7 sc_content_align_inherit sc_layouts_column_icons_position_left sc_fly_static\" data-id=\"8006fb7\" data-element_type=\"column\">\n\t\t\t<div class=\"elementor-widget-wrap elementor-element-populated\">\n\t\t\t\t\t\t<div class=\"elementor-element elementor-element-fe7ad26 sc_fly_static elementor-widget elementor-widget-heading\" data-id=\"fe7ad26\" data-element_type=\"widget\" data-widget_type=\"heading.default\">\n\t\t\t\t<div class=\"elementor-widget-container\">\n\t\t\t\t\t<h2 class=\"elementor-heading-title elementor-size-default\">(En attente de l'iFrame g\u00e9n\u00e9r\u00e9 par Autoscout24)<\/h2>\t\t\t\t<\/div>\n\t\t\t\t<\/div>\n\t\t\t\t\t<\/div>\n\t\t<\/div>\n\t\t\t\t\t<\/div>\n\t\t<\/section>\n\t\t\t\t<section data-animation-type=\"sequental\" data-animation-stagger=\"\" class=\"elementor-section elementor-top-section elementor-element elementor-element-df7b56f elementor-section-full_width elementor-section-height-min-height elementor-section-items-stretch scheme_dark animation_type_sequental sc_layouts_hide_on_wide sc_layouts_hide_on_desktop sc_layouts_hide_on_notebook sc_layouts_hide_on_tablet sc_layouts_hide_on_mobile elementor-section-height-default sc_fly_static elementor-invisible\" data-id=\"df7b56f\" data-element_type=\"section\" id=\"fin\" data-settings=\"{&quot;background_background&quot;:&quot;classic&quot;,&quot;animation&quot;:&quot;tuning-fadeinup&quot;,&quot;animation_delay&quot;:100}\">\n\t\t\t\t\t\t<div class=\"elementor-container elementor-column-gap-extended\">\n\t\t\t\t\t<div class=\"elementor-column elementor-col-50 elementor-top-column elementor-element elementor-element-25ff335 sc_content_align_inherit sc_layouts_column_icons_position_left sc_fly_static\" data-id=\"25ff335\" data-element_type=\"column\">\n\t\t\t<div class=\"elementor-widget-wrap elementor-element-populated\">\n\t\t\t\t\t\t<div class=\"elementor-element elementor-element-187e69c sc_fly_static elementor-widget elementor-widget-image\" data-id=\"187e69c\" data-element_type=\"widget\" data-widget_type=\"image.default\">\n\t\t\t\t<div class=\"elementor-widget-container\">\n\t\t\t\t\t\t\t\t\t\t\t\t\t\t\t<img fetchpriority=\"high\" decoding=\"async\" width=\"1024\" height=\"682\" src=\"https:\/\/rcars.ch\/wp-content\/uploads\/2024\/07\/What-Is-Car-Refinancing-and-How-Can-It-Help-You-1024x682.jpg\" class=\"attachment-large size-large wp-image-40290\" alt=\"\" srcset=\"https:\/\/rcars.ch\/wp-content\/uploads\/2024\/07\/What-Is-Car-Refinancing-and-How-Can-It-Help-You-1024x682.jpg 1024w, https:\/\/rcars.ch\/wp-content\/uploads\/2024\/07\/What-Is-Car-Refinancing-and-How-Can-It-Help-You-300x200.jpg 300w, https:\/\/rcars.ch\/wp-content\/uploads\/2024\/07\/What-Is-Car-Refinancing-and-How-Can-It-Help-You-768x512.jpg 768w, https:\/\/rcars.ch\/wp-content\/uploads\/2024\/07\/What-Is-Car-Refinancing-and-How-Can-It-Help-You-370x247.jpg 370w, https:\/\/rcars.ch\/wp-content\/uploads\/2024\/07\/What-Is-Car-Refinancing-and-How-Can-It-Help-You-840x560.jpg 840w, https:\/\/rcars.ch\/wp-content\/uploads\/2024\/07\/What-Is-Car-Refinancing-and-How-Can-It-Help-You-410x273.jpg 410w, https:\/\/rcars.ch\/wp-content\/uploads\/2024\/07\/What-Is-Car-Refinancing-and-How-Can-It-Help-You.jpg 1280w\" sizes=\"(max-width: 1024px) 100vw, 1024px\" \/>\t\t\t\t\t\t\t\t\t\t\t\t\t\t\t<\/div>\n\t\t\t\t<\/div>\n\t\t\t\t\t<\/div>\n\t\t<\/div>\n\t\t\t\t<div class=\"elementor-column elementor-col-50 elementor-top-column elementor-element elementor-element-1f00ce4 sc_content_align_inherit sc_layouts_column_icons_position_left sc_fly_static\" data-id=\"1f00ce4\" data-element_type=\"column\">\n\t\t\t<div class=\"elementor-widget-wrap elementor-element-populated\">\n\t\t\t\t\t\t<div class=\"elementor-element elementor-element-698e88d sc_fly_static elementor-widget elementor-widget-trx_sc_title\" data-id=\"698e88d\" data-element_type=\"widget\" data-widget_type=\"trx_sc_title.default\">\n\t\t\t\t<div class=\"elementor-widget-container\">\n\t\t\t\t\t<div\t\tclass=\"sc_title sc_title_default\" ><span class=\"sc_item_subtitle sc_title_subtitle sc_item_subtitle_above sc_item_title_style_default\">Financement & Cr\u00e9dit<\/span><h2 class=\"sc_item_title sc_title_title sc_item_title_style_default sc_item_title_tag\"\n\t\t\t><span class=\"sc_item_title_text\">Une solution adapt\u00e9e \u00e0 votre budget\n<\/span><\/h2><\/div>\t\t\t\t<\/div>\n\t\t\t\t<\/div>\n\t\t\t\t<div class=\"elementor-element elementor-element-d53afb4 sc_fly_static elementor-widget elementor-widget-trx_sc_title\" data-id=\"d53afb4\" data-element_type=\"widget\" data-widget_type=\"trx_sc_title.default\">\n\t\t\t\t<div class=\"elementor-widget-container\">\n\t\t\t\t\t<div\t\tclass=\"sc_title sc_title_default\" ><div class=\"sc_item_descr sc_title_descr\"><p>Financez votre v\u00e9hicule en toute s\u00e9r\u00e9nit\u00e9 gr\u00e2ce \u00e0 nos solutions sur mesure. Que vous souhaitiez un paiement en plusieurs fois ou un cr\u00e9dit auto avantageux, nous vous accompagnons pour trouver l\u2019option qui correspond \u00e0 vos besoins.<\/p>\n<p>Roulez sans contrainte, nous nous occupons du reste ! <\/p>\n<\/div><div\tclass=\"sc_item_button sc_button_wrap sc_item_button sc_item_button_default sc_item_button_size_normal sc_title_button\"><a href=\"https:\/\/rcars.ch\/de\/contact\/\" class=\"sc_button sc_button_default sc_button_size_normal sc_button_icon_left\"><span class=\"sc_button_text\"><span class=\"sc_button_title\">En savoir plus<\/span><\/span><\/a><\/div><\/div>\t\t\t\t<\/div>\n\t\t\t\t<\/div>\n\t\t\t\t<section class=\"elementor-section elementor-inner-section elementor-element elementor-element-7ba1658 elementor-section-boxed elementor-section-height-default elementor-section-height-default sc_fly_static\" data-id=\"7ba1658\" data-element_type=\"section\">\n\t\t\t\t\t\t<div class=\"elementor-container elementor-column-gap-no\">\n\t\t\t\t\t<div class=\"elementor-column elementor-col-100 elementor-inner-column elementor-element elementor-element-0e298d4 sc_content_align_inherit sc_layouts_column_icons_position_left sc_fly_static\" data-id=\"0e298d4\" data-element_type=\"column\">\n\t\t\t<div class=\"elementor-widget-wrap elementor-element-populated\">\n\t\t\t\t\t\t<div class=\"elementor-element elementor-element-e00fed2 sc_fly_static elementor-widget elementor-widget-spacer\" data-id=\"e00fed2\" data-element_type=\"widget\" data-widget_type=\"spacer.default\">\n\t\t\t\t<div class=\"elementor-widget-container\">\n\t\t\t\t\t\t\t<div class=\"elementor-spacer\">\n\t\t\t<div class=\"elementor-spacer-inner\"><\/div>\n\t\t<\/div>\n\t\t\t\t\t\t<\/div>\n\t\t\t\t<\/div>\n\t\t\t\t\t<\/div>\n\t\t<\/div>\n\t\t\t\t\t<\/div>\n\t\t<\/section>\n\t\t\t\t\t<\/div>\n\t\t<\/div>\n\t\t\t\t\t<\/div>\n\t\t<\/section>\n\t\t\t\t<\/div>","protected":false},"excerpt":{"rendered":"<p>Nos solutions d&rsquo;achat-vente Achat &amp; Vente de v\u00e9hicule Nous achetons et vendons tous types de v\u00e9hicules. D\u00e9couvrez nos v\u00e9hicules sur Autoscout24. Financement Financez votre v\u00e9hicule en toute s\u00e9r\u00e9nit\u00e9 gr\u00e2ce \u00e0&hellip;<\/p>","protected":false},"author":1,"featured_media":0,"parent":0,"menu_order":0,"comment_status":"closed","ping_status":"closed","template":"","meta":{"footnotes":""},"class_list":["post-38085","page","type-page","status-publish","hentry"],"_links":{"self":[{"href":"https:\/\/rcars.ch\/de\/wp-json\/wp\/v2\/pages\/38085","targetHints":{"allow":["GET"]}}],"collection":[{"href":"https:\/\/rcars.ch\/de\/wp-json\/wp\/v2\/pages"}],"about":[{"href":"https:\/\/rcars.ch\/de\/wp-json\/wp\/v2\/types\/page"}],"author":[{"embeddable":true,"href":"https:\/\/rcars.ch\/de\/wp-json\/wp\/v2\/users\/1"}],"replies":[{"embeddable":true,"href":"https:\/\/rcars.ch\/de\/wp-json\/wp\/v2\/comments?post=38085"}],"version-history":[{"count":79,"href":"https:\/\/rcars.ch\/de\/wp-json\/wp\/v2\/pages\/38085\/revisions"}],"predecessor-version":[{"id":40921,"href":"https:\/\/rcars.ch\/de\/wp-json\/wp\/v2\/pages\/38085\/revisions\/40921"}],"wp:attachment":[{"href":"https:\/\/rcars.ch\/de\/wp-json\/wp\/v2\/media?parent=38085"}],"curies":[{"name":"wp","href":"https:\/\/api.w.org\/{rel}","templated":true}]}}